{"id":22,"date":"2021-02-11T15:45:56","date_gmt":"2021-02-11T14:45:56","guid":{"rendered":"https:\/\/web-f21.enterpriselab.ch\/~isa_m18_user20\/blog\/?page_id=22"},"modified":"2021-02-11T15:45:56","modified_gmt":"2021-02-11T14:45:56","slug":"home","status":"publish","type":"page","link":"https:\/\/koebigrafo.ch\/?page_id=22","title":{"rendered":"About"},"content":{"rendered":"\t\t<div data-elementor-type=\"wp-page\" data-elementor-id=\"22\" class=\"elementor elementor-22\" data-elementor-settings=\"[]\">\n\t\t\t\t\t\t\t<div class=\"elementor-section-wrap\">\n\t\t\t\t\t\t\t<section class=\"elementor-section elementor-top-section elementor-element elementor-element-7015f97c elementor-section-content-middle elementor-section-boxed elementor-section-height-default elementor-section-height-default\" data-id=\"7015f97c\" data-element_type=\"section\" data-settings=\"{&quot;background_background&quot;:&quot;classic&quot;}\">\n\t\t\t\t\t\t<div class=\"elementor-container elementor-column-gap-no\">\n\t\t\t\t\t<div class=\"elementor-column elementor-col-33 elementor-top-column elementor-element elementor-element-571de0fc\" data-id=\"571de0fc\" data-element_type=\"column\">\n\t\t\t<div class=\"elementor-widget-wrap elementor-element-populated\">\n\t\t\t\t\t\t\t\t<div class=\"elementor-element elementor-element-3472590d elementor-widget elementor-widget-heading\" data-id=\"3472590d\" data-element_type=\"widget\" data-widget_type=\"heading.default\">\n\t\t\t\t<div class=\"elementor-widget-container\">\n\t\t\t<h1 class=\"elementor-heading-title elementor-size-default\">About K\u00f6bi.<\/h1>\t\t<\/div>\n\t\t\t\t<\/div>\n\t\t\t\t<div class=\"elementor-element elementor-element-2b6fd9e elementor-widget elementor-widget-spacer\" data-id=\"2b6fd9e\" data-element_type=\"widget\" data-widget_type=\"spacer.default\">\n\t\t\t\t<div class=\"elementor-widget-container\">\n\t\t\t\t\t<div class=\"elementor-spacer\">\n\t\t\t<div class=\"elementor-spacer-inner\"><\/div>\n\t\t<\/div>\n\t\t\t\t<\/div>\n\t\t\t\t<\/div>\n\t\t\t\t<div class=\"elementor-element elementor-element-f0b0424 elementor-invisible elementor-widget elementor-widget-text-editor\" data-id=\"f0b0424\" data-element_type=\"widget\" data-settings=\"{&quot;_animation&quot;:&quot;fadeIn&quot;,&quot;_animation_mobile&quot;:&quot;fadeIn&quot;}\" data-widget_type=\"text-editor.default\">\n\t\t\t\t<div class=\"elementor-widget-container\">\n\t\t\t\t\t<div class=\"elementor-text-editor elementor-clearfix\"><p>Photography.<\/p><\/div>\n\t\t\t\t<\/div>\n\t\t\t\t<\/div>\n\t\t\t\t<div class=\"elementor-element elementor-element-576d680 elementor-widget elementor-widget-text-editor\" data-id=\"576d680\" data-element_type=\"widget\" data-widget_type=\"text-editor.default\">\n\t\t\t\t<div class=\"elementor-widget-container\">\n\t\t\t\t\t<div class=\"elementor-text-editor elementor-clearfix\"><p>An der Fotografie fasziniert mich, dass einzigartige Momente festgehalten werden k\u00f6nnen, die ansonsten nicht ann\u00e4hernd so wahrgenommen werden. Besonders gerne habe ich V\u00f6gel und Kleintiere vor der Linse, sodass kleinste Details pl\u00f6tzlich erstaunlich deutlich erkennbar werden.&nbsp;<\/p>\n<p>Ausserdem liebe ich es, in meinem eigenen Studio die Leute ins beste Licht zu r\u00fccken.&nbsp;<\/p><p>Durch Fotografie-Kurse und Selbststudium sowie &#8220;Learning-by-Doing&#8221; habe ich mir das bisherige Know-how angeeignet. Ich freue mich, stets weiter zu kommen und tolle Momente einzufangen.&nbsp;<\/p><\/div>\n\t\t\t\t<\/div>\n\t\t\t\t<\/div>\n\t\t\t\t\t<\/div>\n\t\t<\/div>\n\t\t\t\t<div class=\"elementor-column elementor-col-33 elementor-top-column elementor-element elementor-element-5a931db\" data-id=\"5a931db\" data-element_type=\"column\">\n\t\t\t<div class=\"elementor-widget-wrap elementor-element-populated\">\n\t\t\t\t\t\t\t\t<div class=\"elementor-element elementor-element-5181f33e elementor-widget elementor-widget-image\" data-id=\"5181f33e\" data-element_type=\"widget\" data-widget_type=\"image.default\">\n\t\t\t\t<div class=\"elementor-widget-container\">\n\t\t\t\t\t<div class=\"elementor-image\">\n\t\t\t\t\t\t\t\t\t\t<img loading=\"lazy\" decoding=\"async\" width=\"1585\" height=\"2377\" src=\"https:\/\/koebigrafo.ch\/wp-content\/uploads\/2021\/02\/Koebi-1.jpg\" class=\"attachment-full size-full\" alt=\"K\u00f6bi\" srcset=\"https:\/\/koebigrafo.ch\/wp-content\/uploads\/2021\/02\/Koebi-1.jpg 1585w, https:\/\/koebigrafo.ch\/wp-content\/uploads\/2021\/02\/Koebi-1-200x300.jpg 200w, https:\/\/koebigrafo.ch\/wp-content\/uploads\/2021\/02\/Koebi-1-683x1024.jpg 683w, https:\/\/koebigrafo.ch\/wp-content\/uploads\/2021\/02\/Koebi-1-768x1152.jpg 768w, https:\/\/koebigrafo.ch\/wp-content\/uploads\/2021\/02\/Koebi-1-1024x1536.jpg 1024w, https:\/\/koebigrafo.ch\/wp-content\/uploads\/2021\/02\/Koebi-1-1366x2048.jpg 1366w, https:\/\/koebigrafo.ch\/wp-content\/uploads\/2021\/02\/Koebi-1-1568x2352.jpg 1568w\" sizes=\"auto, (max-width: 1585px) 100vw, 1585px\" \/>\t\t\t\t\t\t\t\t\t\t\t<\/div>\n\t\t\t\t<\/div>\n\t\t\t\t<\/div>\n\t\t\t\t<div class=\"elementor-element elementor-element-5bdd54c elementor-invisible elementor-widget elementor-widget-text-editor\" data-id=\"5bdd54c\" data-element_type=\"widget\" data-settings=\"{&quot;_animation&quot;:&quot;fadeIn&quot;,&quot;_animation_mobile&quot;:&quot;fadeIn&quot;}\" data-widget_type=\"text-editor.default\">\n\t\t\t\t<div class=\"elementor-widget-container\">\n\t\t\t\t\t<div class=\"elementor-text-editor elementor-clearfix\"><p>Passion.<\/p><\/div>\n\t\t\t\t<\/div>\n\t\t\t\t<\/div>\n\t\t\t\t<div class=\"elementor-element elementor-element-b582588 elementor-widget elementor-widget-text-editor\" data-id=\"b582588\" data-element_type=\"widget\" data-widget_type=\"text-editor.default\">\n\t\t\t\t<div class=\"elementor-widget-container\">\n\t\t\t\t\t<div class=\"elementor-text-editor elementor-clearfix\"><p>In meiner Freizeit werde ich oft als Zuschauer auf Fussballpl\u00e4tzen, als Zuh\u00f6rer in Konzerts\u00e4len oder als Geniesser in der freien Natur &#8211; h\u00e4ufig auf den Ski&#8217;s &#8211; gesehen.\u00a0<\/p><\/div>\n\t\t\t\t<\/div>\n\t\t\t\t<\/div>\n\t\t\t\t\t<\/div>\n\t\t<\/div>\n\t\t\t\t<div class=\"elementor-column elementor-col-33 elementor-top-column elementor-element elementor-element-35c410f\" data-id=\"35c410f\" data-element_type=\"column\">\n\t\t\t<div class=\"elementor-widget-wrap elementor-element-populated\">\n\t\t\t\t\t\t\t\t<div class=\"elementor-element elementor-element-efeeb76 elementor-invisible elementor-widget elementor-widget-text-editor\" data-id=\"efeeb76\" data-element_type=\"widget\" data-settings=\"{&quot;_animation&quot;:&quot;fadeIn&quot;,&quot;_animation_mobile&quot;:&quot;fadeIn&quot;}\" data-widget_type=\"text-editor.default\">\n\t\t\t\t<div class=\"elementor-widget-container\">\n\t\t\t\t\t<div class=\"elementor-text-editor elementor-clearfix\"><p>Family.<\/p><\/div>\n\t\t\t\t<\/div>\n\t\t\t\t<\/div>\n\t\t\t\t<div class=\"elementor-element elementor-element-5a4c2f6d elementor-widget elementor-widget-image\" data-id=\"5a4c2f6d\" data-element_type=\"widget\" data-widget_type=\"image.default\">\n\t\t\t\t<div class=\"elementor-widget-container\">\n\t\t\t\t\t<div class=\"elementor-image\">\n\t\t\t\t\t\t\t\t\t\t<img loading=\"lazy\" decoding=\"async\" width=\"2560\" height=\"1584\" src=\"https:\/\/koebigrafo.ch\/wp-content\/uploads\/2021\/02\/hochzeit-6422-2-scaled-1.jpg\" class=\"attachment-full size-full\" alt=\"\" srcset=\"https:\/\/koebigrafo.ch\/wp-content\/uploads\/2021\/02\/hochzeit-6422-2-scaled-1.jpg 2560w, https:\/\/koebigrafo.ch\/wp-content\/uploads\/2021\/02\/hochzeit-6422-2-scaled-1-300x186.jpg 300w, https:\/\/koebigrafo.ch\/wp-content\/uploads\/2021\/02\/hochzeit-6422-2-scaled-1-1024x634.jpg 1024w, https:\/\/koebigrafo.ch\/wp-content\/uploads\/2021\/02\/hochzeit-6422-2-scaled-1-768x475.jpg 768w, https:\/\/koebigrafo.ch\/wp-content\/uploads\/2021\/02\/hochzeit-6422-2-scaled-1-1536x950.jpg 1536w, https:\/\/koebigrafo.ch\/wp-content\/uploads\/2021\/02\/hochzeit-6422-2-scaled-1-2048x1267.jpg 2048w, https:\/\/koebigrafo.ch\/wp-content\/uploads\/2021\/02\/hochzeit-6422-2-scaled-1-1568x970.jpg 1568w\" sizes=\"auto, (max-width: 2560px) 100vw, 2560px\" \/>\t\t\t\t\t\t\t\t\t\t\t<\/div>\n\t\t\t\t<\/div>\n\t\t\t\t<\/div>\n\t\t\t\t<div class=\"elementor-element elementor-element-d069248 elementor-widget elementor-widget-text-editor\" data-id=\"d069248\" data-element_type=\"widget\" data-widget_type=\"text-editor.default\">\n\t\t\t\t<div class=\"elementor-widget-container\">\n\t\t\t\t\t<div class=\"elementor-text-editor elementor-clearfix\"><p>Und am liebsten mache ich alles mit meiner Frau und meinen zwei erwachsenen Kindern.\u00a0<\/p><\/div>\n\t\t\t\t<\/div>\n\t\t\t\t<\/div>\n\t\t\t\t\t<\/div>\n\t\t<\/div>\n\t\t\t\t\t\t\t<\/div>\n\t\t<\/section>\n\t\t\t\t\t\t<\/div>\n\t\t\t\t\t<\/div>\n\t\t","protected":false},"excerpt":{"rendered":"<p>About K\u00f6bi. Photography. An der Fotografie fasziniert mich, dass einzigartige Momente festgehalten werden k\u00f6nnen, die ansonsten nicht ann\u00e4hernd so wahrgenommen werden. Besonders gerne habe ich V\u00f6gel und Kleintiere vor der Linse, sodass kleinste Details pl\u00f6tzlich erstaunlich deutlich erkennbar werden.&nbsp; Ausserdem liebe ich es, in meinem &hellip; <a href=\"https:\/\/koebigrafo.ch\/?page_id=22\" class=\"more-link\"><span>Continue reading<span class=\"screen-reader-text\">About<\/span><\/span><\/a><\/p>\n","protected":false},"author":1,"featured_media":0,"parent":0,"menu_order":0,"comment_status":"closed","ping_status":"closed","template":"template-page-builder.php","meta":{"footnotes":""},"class_list":["post-22","page","type-page","status-publish","hentry"],"_links":{"self":[{"href":"https:\/\/koebigrafo.ch\/index.php?rest_route=\/wp\/v2\/pages\/22","targetHints":{"allow":["GET"]}}],"collection":[{"href":"https:\/\/koebigrafo.ch\/index.php?rest_route=\/wp\/v2\/pages"}],"about":[{"href":"https:\/\/koebigrafo.ch\/index.php?rest_route=\/wp\/v2\/types\/page"}],"author":[{"embeddable":true,"href":"https:\/\/koebigrafo.ch\/index.php?rest_route=\/wp\/v2\/users\/1"}],"replies":[{"embeddable":true,"href":"https:\/\/koebigrafo.ch\/index.php?rest_route=%2Fwp%2Fv2%2Fcomments&post=22"}],"version-history":[{"count":0,"href":"https:\/\/koebigrafo.ch\/index.php?rest_route=\/wp\/v2\/pages\/22\/revisions"}],"wp:attachment":[{"href":"https:\/\/koebigrafo.ch\/index.php?rest_route=%2Fwp%2Fv2%2Fmedia&parent=22"}],"curies":[{"name":"wp","href":"https:\/\/api.w.org\/{rel}","templated":true}]}}