{"id":1216,"date":"2021-02-19T08:39:51","date_gmt":"2021-02-19T07:39:51","guid":{"rendered":"https:\/\/web-f21.enterpriselab.ch\/~isa_m18_user20\/blog\/?page_id=1216"},"modified":"2021-12-28T13:09:37","modified_gmt":"2021-12-28T13:09:37","slug":"privacy-policy","status":"publish","type":"page","link":"https:\/\/koebigrafo.ch\/?page_id=1216","title":{"rendered":"Privacy policy"},"content":{"rendered":"\t\t<div data-elementor-type=\"wp-page\" data-elementor-id=\"1216\" class=\"elementor elementor-1216\" data-elementor-settings=\"[]\">\n\t\t\t\t\t\t\t<div class=\"elementor-section-wrap\">\n\t\t\t\t\t\t\t<section class=\"elementor-section elementor-top-section elementor-element elementor-element-299ef91 elementor-section-boxed elementor-section-height-default elementor-section-height-default\" data-id=\"299ef91\" data-element_type=\"section\">\n\t\t\t\t\t\t<div class=\"elementor-container elementor-column-gap-default\">\n\t\t\t\t\t<div class=\"elementor-column elementor-col-100 elementor-top-column elementor-element elementor-element-719fb4a\" data-id=\"719fb4a\" data-element_type=\"column\">\n\t\t\t<div class=\"elementor-widget-wrap elementor-element-populated\">\n\t\t\t\t\t\t\t\t<div class=\"elementor-element elementor-element-646d2e7 elementor-widget elementor-widget-text-editor\" data-id=\"646d2e7\" data-element_type=\"widget\" data-widget_type=\"text-editor.default\">\n\t\t\t\t<div class=\"elementor-widget-container\">\n\t\t\t\t\t<div class=\"elementor-text-editor elementor-clearfix\"><p><strong><span style=\"font-size: 10.5pt; line-height: 107%; font-family: 'Open Sans', sans-serif; color: #666666; border: 1pt none windowtext; padding: 0cm; background-image: initial; background-position: initial; background-size: initial; background-repeat: initial; background-attachment: initial; background-origin: initial; background-clip: initial;\">Kontaktadresse<\/span><\/strong><\/p><p><span style=\"font-size: 10.5pt; line-height: 107%; font-family: 'Open Sans',sans-serif; color: #666666;\"><span style=\"background-image: initial; background-position: initial; background-size: initial; background-repeat: initial; background-attachment: initial; background-origin: initial; background-clip: initial;\">K\u00f6bi Wyss<br \/>Bachstrasse 8<br \/>5618 Bettwil<br \/>k_wyss66 [at] bluewin.ch<\/span><\/span><\/p><p><strong style=\"color: var( --e-global-color-text ); font-family: var( --e-global-typography-text-font-family ), Sans-serif; font-size: 1.0625rem;\"><span style=\"font-size: 10.5pt; line-height: 107%; font-family: 'Open Sans', sans-serif; color: #666666; border: 1pt none windowtext; padding: 0cm; background-image: initial; background-position: initial; background-size: initial; background-repeat: initial; background-attachment: initial; background-origin: initial; background-clip: initial;\">Urheberrechte<\/span><\/strong><\/p><p><span style=\"font-size: 10.5pt; line-height: 107%; font-family: 'Open Sans',sans-serif; color: #666666;\"> <span style=\"background-image: initial; background-position: initial; background-size: initial; background-repeat: initial; background-attachment: initial; background-origin: initial; background-clip: initial;\">Die Urheber- und alle anderen Rechte an Inhalten, Bildern, Fotos oder anderen Dateien auf der Website geh\u00f6ren ausschliesslich K\u00f6bi Wyss bzw. koebigrafo oder den speziell genannten Rechtsinhabern. F\u00fcr die Reproduktion jeglicher Elemente ist die schriftliche Zustimmung der Urheberrechtstr\u00e4ger im Voraus einzuholen.<\/span><br \/><span style=\"background-image: initial; background-position: initial; background-size: initial; background-repeat: initial; background-attachment: initial; background-origin: initial; background-clip: initial;\">\u00a0<\/span><br \/><strong style=\"outline: 0px; text-size-adjust: 100%;\"><span style=\"border: 1pt none windowtext; padding: 0cm; background-image: initial; background-position: initial; background-size: initial; background-repeat: initial; background-attachment: initial; background-origin: initial; background-clip: initial;\">Datenschutz<\/span><\/strong><\/span><\/p><p><span style=\"font-size: 10.5pt; line-height: 107%; font-family: 'Open Sans',sans-serif; color: #666666;\"> <span style=\"background-image: initial; background-position: initial; background-size: initial; background-repeat: initial; background-attachment: initial; background-origin: initial; background-clip: initial;\">Gest\u00fctzt auf Artikel 13 der Schweizerischen Bundesverfassung und die datenschutzrechtlichen Bestimmungen des Bundes (Datenschutzgesetz, DSG) hat jede Person Anspruch auf Schutz ihrer Privatsph\u00e4re sowie auf Schutz vor Missbrauch ihrer pers\u00f6nlichen Daten. Ich halte diese Bestimmungen ein. Pers\u00f6nliche Daten werden streng vertraulich behandelt und weder an Dritte verkauft noch weitergegeben.<\/span><br \/><span style=\"background-image: initial; background-position: initial; background-size: initial; background-repeat: initial; background-attachment: initial; background-origin: initial; background-clip: initial;\">In enger Zusammenarbeit mit unseren Hosting-Providern bem\u00fche ich mich, die Datenbanken so gut wie m\u00f6glich vor fremden Zugriffen, Verlusten, Missbrauch oder vor F\u00e4lschung zu sch\u00fctzen.<\/span><br \/><\/span><\/p><p class=\"MsoNormal\"><span style=\"font-size: 10.5pt; line-height: 107%; font-family: 'Open Sans',sans-serif; color: #666666;\">Wir weisen darauf hin, dass die Daten\u00fcbertragung im Internet (z.B. bei der Kommunikation per E-Mail)<br \/>Sicherheitsl\u00fccken aufweisen kann. Ein l\u00fcckenloser Schutz der Daten vor dem Zugriff durch Dritte ist nicht m\u00f6glich.<\/span><\/p><p class=\"MsoNormal\"><span style=\"font-size: 10.5pt; line-height: 107%; font-family: 'Open Sans',sans-serif; color: #666666;\">Durch die Nutzung dieser Website erkl\u00e4ren Sie sich mit der Erhebung, Verarbeitung und Nutzung von Daten gem\u00e4ss der nachfolgenden Beschreibung einverstanden. Diese Website kann grunds\u00e4tzlich ohne Registrierung besucht werden. Dabei werden Daten wie beispielsweise aufgerufene Seiten bzw. Namen der abgerufenen Datei, Datum und Uhrzeit zu statistischen Zwecken auf dem Server gespeichert, ohne dass diese Daten unmittelbar auf Ihre Person bezogen werden. Personenbezogene Daten, insbesondere Name, Adresse oder<br \/>E-Mail-Adresse werden soweit m\u00f6glich auf freiwilliger Basis erhoben. Ohne Ihre Einwilligung erfolgt keine Weitergabe der Daten an Dritte. Personendaten sind alle Angaben, die sich auf eine bestimmte oder bestimmbare Person beziehen. Eine betroffene Person ist eine Person, \u00fcber die Personendaten bearbeitet werden. Bearbeiten umfasst jeden Umgang mit Personendaten, unabh\u00e4ngig von den angewandten Mitteln und Verfahren, insbesondere das Aufbewahren, Bekanntgeben, Beschaffen, L\u00f6schen, Speichern, Ver\u00e4ndern,<br \/>Vernichten und Verwenden von Personendaten.<\/span><\/p><p style=\"box-sizing: inherit; -webkit-tap-highlight-color: transparent; border-color: inherit; margin-bottom: 0.9375rem; font-size: inherit; line-height: inherit; text-rendering: optimizelegibility; outline: transparent solid;\">\u00a0<\/p><\/div>\n\t\t\t\t<\/div>\n\t\t\t\t<\/div>\n\t\t\t\t\t<\/div>\n\t\t<\/div>\n\t\t\t\t\t\t\t<\/div>\n\t\t<\/section>\n\t\t\t\t\t\t<\/div>\n\t\t\t\t\t<\/div>\n\t\t","protected":false},"excerpt":{"rendered":"<p>Kontaktadresse K\u00f6bi WyssBachstrasse 85618 Bettwilk_wyss66 [at] bluewin.ch Urheberrechte Die Urheber- und alle anderen Rechte an Inhalten, Bildern, Fotos oder anderen Dateien auf der Website geh\u00f6ren ausschliesslich K\u00f6bi Wyss bzw. koebigrafo oder den speziell genannten Rechtsinhabern. F\u00fcr die Reproduktion jeglicher Elemente ist die schriftliche Zustimmung der &hellip; <a href=\"https:\/\/koebigrafo.ch\/?page_id=1216\" class=\"more-link\"><span>Continue reading<span class=\"screen-reader-text\">Privacy policy<\/span><\/span><\/a><\/p>\n","protected":false},"author":1,"featured_media":0,"parent":0,"menu_order":0,"comment_status":"closed","ping_status":"closed","template":"","meta":{"footnotes":""},"class_list":["post-1216","page","type-page","status-publish","hentry"],"_links":{"self":[{"href":"https:\/\/koebigrafo.ch\/index.php?rest_route=\/wp\/v2\/pages\/1216","targetHints":{"allow":["GET"]}}],"collection":[{"href":"https:\/\/koebigrafo.ch\/index.php?rest_route=\/wp\/v2\/pages"}],"about":[{"href":"https:\/\/koebigrafo.ch\/index.php?rest_route=\/wp\/v2\/types\/page"}],"author":[{"embeddable":true,"href":"https:\/\/koebigrafo.ch\/index.php?rest_route=\/wp\/v2\/users\/1"}],"replies":[{"embeddable":true,"href":"https:\/\/koebigrafo.ch\/index.php?rest_route=%2Fwp%2Fv2%2Fcomments&post=1216"}],"version-history":[{"count":16,"href":"https:\/\/koebigrafo.ch\/index.php?rest_route=\/wp\/v2\/pages\/1216\/revisions"}],"predecessor-version":[{"id":1545,"href":"https:\/\/koebigrafo.ch\/index.php?rest_route=\/wp\/v2\/pages\/1216\/revisions\/1545"}],"wp:attachment":[{"href":"https:\/\/koebigrafo.ch\/index.php?rest_route=%2Fwp%2Fv2%2Fmedia&parent=1216"}],"curies":[{"name":"wp","href":"https:\/\/api.w.org\/{rel}","templated":true}]}}